{"id":291,"date":"2022-06-23T12:27:28","date_gmt":"2022-06-23T10:27:28","guid":{"rendered":"https:\/\/heuraforestal.cat\/privacidad\/"},"modified":"2022-10-25T07:08:37","modified_gmt":"2022-10-25T07:08:37","slug":"privacitat","status":"publish","type":"page","link":"https:\/\/arboriculturaheura.cat\/ca\/privacitat\/","title":{"rendered":"Pol\u00edtica de Privacitat"},"content":{"rendered":"\n<p>La confidencialitat i la seguretat s\u00f3n valors primordials de Francisco Javier Lucena Nueva i, en conseq\u00fc\u00e8ncia, assumim el comprom\u00eds de garantir la privacitat de l'Usuari en tot moment i de no recaptar informaci\u00f3 innecess\u00e0ria. A continuaci\u00f3, li proporcionem tota la informaci\u00f3 necess\u00e0ria sobre la nostra Pol\u00edtica de Privacitat en relaci\u00f3 amb les dades personals que recaptem, explicant-li:<\/p>\n\n\n\n<ul class=\"wp-block-list\"><li>Qui \u00e9s el responsable del tractament de les seves dades.<\/li><li>Per a quines finalitats recaptem les dades que li sol\u00b7licitem.<\/li><li>Quina \u00e9s la legitimaci\u00f3 per al seu tractament.<\/li><li>Durant quant temps els conservem.<\/li><li>A quins destinataris es comuniquen les seves dades.<\/li><li>Quins s\u00f3n els seus drets.<\/li><\/ul>\n\n\n\n<h2 class=\"has-medium-font-size wp-block-heading\" id=\"1-responsable\">1. Responsable:<\/h2>\n\n\n\n<ul class=\"wp-block-list\"><li>Francisco Javier Lucena Nueva<\/li><li>Carrer la servera 3 (08757 Corbera de Llobregat, Barcelona)<\/li><li>e-mail: info@arboriculturaheura.cat<\/li><\/ul>\n\n\n\n<h2 class=\"has-medium-font-size wp-block-heading\" id=\"2-finalidades-legitimacion-y-conservacion-de-los-tratamientos-de-los-datos-enviados-a-traves-de\">2. Finalitats, legitimaci\u00f3 i conservaci\u00f3 dels tractaments de les dades enviades a trav\u00e9s de:<\/h2>\n\n\n\n<ul class=\"wp-block-list\"><li>FORMULARI DE CONTACTE. Finalitat: Facilitar-li un mitj\u00e0 perqu\u00e8 pugui posar-se en contacte amb nosaltres i contestar a les seves sol\u00b7licituds d'informaci\u00f3, aix\u00ed com enviar-li comunicacions dels nostres productes, serveis i activitats, inclusivament per mitjans electr\u00f2nics (Correu electr\u00f2nic, SMS, WhatsApp), si marca la casella d'acceptaci\u00f3. Legitimaci\u00f3: El consentiment de l'usuari en sol\u00b7licitar-nos informaci\u00f3 a trav\u00e9s del nostre formulari de contactes i en marcar la casella d'acceptaci\u00f3 d'enviament d'informaci\u00f3. Conservaci\u00f3: Una vegada resulta la seva sol\u00b7licitud per mitj\u00e0 del nostre formulari o contestada per correu electr\u00f2nic, si no ha generat un nou tractament, i en cas d'haver acceptat rebre enviaments comercials, fins que sol\u00b7liciti la baixa d'aquests.<\/li><li>ENVIAMENT DE CORREUS ELECTR\u00d2NICS. Finalitat: Contestar a les seves sol\u00b7licituds d'informaci\u00f3, atendre les seves peticions i respondre les seves consultes o dubtes. Legitimaci\u00f3: El consentiment de l'usuari en sol\u00b7licitar-nos informaci\u00f3 a trav\u00e9s de l'adre\u00e7a de correu electr\u00f2nic. Conservaci\u00f3: Una vegada resulta contestada la seva petici\u00f3 per correu electr\u00f2nic, si no ha generat un nou tractament.<\/li><li>ENVIAMENT DEL CURRICULUM VITAE PER CORREU ELECTR\u00d2NIC Finalitat: Disposar del seu curr\u00edculum per a participar en els nostres processos de selecci\u00f3 de personal. Legitimaci\u00f3: El consentiment de l'usuari en remetre'ns la seva informaci\u00f3 personal i curr\u00edculum per als nostres processos de selecci\u00f3 de personal. Conservaci\u00f3: Durant el desenvolupament dels processos de selecci\u00f3 de personal oberts i durant 1 any per a futurs processos.<\/li><\/ul>\n\n\n\n<h2 class=\"has-medium-font-size wp-block-heading\" id=\"3-destinatarios-de-sus-datos\">3. Destinataris de les seves dades<\/h2>\n\n\n\n<p>Les seves dades s\u00f3n confidencials i no se cediran a tercers, tret que existeixi obligaci\u00f3 legal.<\/p>\n\n\n\n<h2 class=\"has-medium-font-size wp-block-heading\" id=\"4-derechos-en-relacion-con-sus-datos-personales\">4. Drets en relaci\u00f3 amb les seves dades personals<\/h2>\n\n\n\n<p>Qualsevol persona pot retirar el seu consentiment en qualsevol moment, quan el mateix s'hagi atorgat per al tractament de les seves dades. En cap cas, la retirada d'aquest consentiment condiciona l'execuci\u00f3 del contracte de subscripci\u00f3 o les relacions generades amb anterioritat.<\/p>\n\n\n\n<p>Igualment, pot exercir els seg\u00fcents drets:<\/p>\n\n\n\n<ul class=\"wp-block-list\"><li>Sol\u00b7licitar l'acc\u00e9s a les seves dades personals o la seva rectificaci\u00f3 quan siguin inexactes.<\/li><li>Sol\u00b7licitar la seva supressi\u00f3 quan, entre altres motius, les dades ja no siguin necessaris per als fins per als quals van ser recollits.<\/li><li>Sol\u00b7licitar la limitaci\u00f3 del seu tractament en determinades circumst\u00e0ncies.<\/li><li>Sol\u00b7licitar l'oposici\u00f3 al tractament de les seves dades per motius relacionats amb la seva situaci\u00f3 particular.<\/li><li>Sol\u00b7licitar la portabilitat de les dades en els casos previstos en la normativa.<\/li><li>Altres drets reconeguts en les normatives aplicables.<\/li><\/ul>\n\n\n\n<p>On i com sol\u00b7licitar els seus Drets: Mitjan\u00e7ant un escrit dirigit al responsable a la seva adre\u00e7a postal o electr\u00f2nica (indicades en l'apartat A), indicant la referencia \u201cDades Personals\u201d, especificant el dret que es vol exercir i respecte a quines dades personals.<\/p>\n\n\n\n<p>En cas de diverg\u00e8ncies amb l'empresa en relaci\u00f3 amb el tractament de les seves dades, pot presentar una reclamaci\u00f3 davant l'Autoritat de Protecci\u00f3 de Dades (<a href=\"https:\/\/www.agpd.es\/\" target=\"_blank\" rel=\"noopener\">www.agpd.es<\/a>).<\/p>\n\n\n\n<h2 class=\"has-medium-font-size wp-block-heading\" id=\"5-cookies\">5. Cookies<\/h2>\n\n\n\n<p>Aquesta p\u00e0gina web, \u00fanicament utilitza cookies t\u00e8cniques, de personalitzaci\u00f3 i an\u00e0lisi, pr\u00f2pies i de tercers (Google Analytics), que en cap cas tracten dades de car\u00e0cter personal ni capten h\u00e0bits de navegaci\u00f3 per a fins publicitaris.<\/p>\n\n\n\n<p>Per aix\u00f2, en accedir a la nostra web, en compliment de l'article 22 de la Llei de Serveis de la Societat de la Informaci\u00f3, en tractar cookies d'an\u00e0lisis, li hem sol\u00b7licitat el seu consentiment per al seu \u00fas i facilitat informaci\u00f3 d'aquestes, que en tot cas s'instal\u00b7laran passat un termini de temps prudencial perqu\u00e8 l'usuari tingui temps de decidir prestar el seu consentiment o no.<\/p>\n\n\n\n<h2 class=\"has-medium-font-size wp-block-heading\" id=\"6-seguridad-de-sus-datos-personales\">6. Seguretat de les seves dades personals<\/h2>\n\n\n\n<p>Amb l'objectiu de salvaguardar la seguretat de les seves dades personals, l'informem que hem adoptat totes les mesures d'\u00edndole t\u00e8cnica i organitzativa necess\u00e0ries per a garantir la seguretat de les dades personals subministrades de la seva alteraci\u00f3, p\u00e8rdua, i tractaments o accessos no autoritzats.<\/p>\n\n\n\n<h2 class=\"has-medium-font-size wp-block-heading\" id=\"7-actualizacion-de-sus-datos\">7. Actualitzaci\u00f3 de les seves dades<\/h2>\n\n\n\n<p>\u00c9s important que perqu\u00e8 puguem mantenir les seves dades personals actualitzades, ens informi sempre que hi hagi hagut alguna modificaci\u00f3 en ells, en cas contrari, no responem de la veracitat d'aquests.<\/p>\n\n\n\n<p>No ens fem responsables de la pol\u00edtica de privacitat respecte a les dades personals que pugui facilitar a tercers per mitj\u00e0 dels enlla\u00e7os disponibles en la nostra p\u00e0gina web.<\/p>\n\n\n\n<p>La present Pol\u00edtica de Privacitat pot ser modificada per a adaptar-les als canvis que es produeixi en la nostra web, aix\u00ed com modificacions legislatives o jurisprudencials sobre dades personals que vagin apareixent, per la qual cosa exigeix la seva lectura, cada vegada que ens faciliti les seves dades a trav\u00e9s d'aquesta Web.<\/p>\n","protected":false},"excerpt":{"rendered":"<p>La confidencialitat i la seguretat s\u00f3n valors primordials de i, en conseq\u00fc\u00e8ncia, assumim el comprom\u00eds de garantir la privacitat de l'Usuari en tot moment i de no recaptar informaci\u00f3 innecess\u00e0ria. A continuaci\u00f3, li proporcionem tota la informaci\u00f3 necess\u00e0ria sobre la nostra Pol\u00edtica de Privacitat en relaci\u00f3 amb les dades personals que recaptem, explicant-li: Qui \u00e9s [&hellip;]<\/p>\n","protected":false},"author":1,"featured_media":0,"parent":0,"menu_order":0,"comment_status":"closed","ping_status":"closed","template":"","meta":{"_acf_changed":false,"footnotes":""},"class_list":["post-291","page","type-page","status-publish","hentry"],"acf":[],"_links":{"self":[{"href":"https:\/\/arboriculturaheura.cat\/ca\/wp-json\/wp\/v2\/pages\/291","targetHints":{"allow":["GET"]}}],"collection":[{"href":"https:\/\/arboriculturaheura.cat\/ca\/wp-json\/wp\/v2\/pages"}],"about":[{"href":"https:\/\/arboriculturaheura.cat\/ca\/wp-json\/wp\/v2\/types\/page"}],"author":[{"embeddable":true,"href":"https:\/\/arboriculturaheura.cat\/ca\/wp-json\/wp\/v2\/users\/1"}],"replies":[{"embeddable":true,"href":"https:\/\/arboriculturaheura.cat\/ca\/wp-json\/wp\/v2\/comments?post=291"}],"version-history":[{"count":3,"href":"https:\/\/arboriculturaheura.cat\/ca\/wp-json\/wp\/v2\/pages\/291\/revisions"}],"predecessor-version":[{"id":295,"href":"https:\/\/arboriculturaheura.cat\/ca\/wp-json\/wp\/v2\/pages\/291\/revisions\/295"}],"wp:attachment":[{"href":"https:\/\/arboriculturaheura.cat\/ca\/wp-json\/wp\/v2\/media?parent=291"}],"curies":[{"name":"wp","href":"https:\/\/api.w.org\/{rel}","templated":true}]}}