{"id":576,"date":"2025-10-01T15:05:57","date_gmt":"2025-10-01T13:05:57","guid":{"rendered":"https:\/\/arboriculturaheura.cat\/?page_id=576"},"modified":"2025-10-06T16:09:41","modified_gmt":"2025-10-06T14:09:41","slug":"accessibilitat","status":"publish","type":"page","link":"https:\/\/arboriculturaheura.cat\/ca\/accessibilitat\/","title":{"rendered":"Accessibilitat"},"content":{"rendered":"\n<h2 class=\"wp-block-heading\">DECLARACI\u00d3 D\u2019ACCESSIBILITAT<\/h2>\n\n\n\n<p>La present declaraci\u00f3 d\u2019accessibilitat s\u2019aplica al lloc web <a href=\"https:\/\/www.arboriculturaheura.cat\/\">https:\/\/www.arboriculturaheura.cat\/<\/a> (els subdominis d\u2019aquest lloc web tindran les seves pr\u00f2pies declaracions d\u2019accessibilitat).<\/p>\n\n\n\n<h3 class=\"wp-block-heading\">Situaci\u00f3 de compliment<\/h3>\n\n\n\n<p>Aquest lloc web \u00e9s parcialment conforme amb el Reial decret 1112\/2018, de 7 de setembre, a causa de la manca de conformitat dels aspectes que s\u2019indiquen a continuaci\u00f3.<\/p>\n\n\n\n<h3 class=\"wp-block-heading\">Contingut no accessible<\/h3>\n\n\n\n<p>El contingut que es recull a continuaci\u00f3 no \u00e9s accessible pels motius seg\u00fcents:<\/p>\n\n\n\n<ol class=\"wp-block-list\">\n<li><strong>Manca de conformitat amb el Reial decret 1112\/2018, de 7 de setembre:<\/strong> podrien existir errors puntuals d\u2019edici\u00f3 en alguna p\u00e0gina web, tant en continguts HTML com en documents finals publicats despr\u00e9s del 20 de setembre de 2018 (data d\u2019entrada en vigor del Reial decret 1112\/2018, de 7 de setembre). Concretament, pot haver-hi errors en aquells documents que contenen gr\u00e0fics, taules complexes o en aquells signats electr\u00f2nicament abans de la seva revisi\u00f3 d\u2019accessibilitat.<\/li>\n\n\n\n<li><strong>C\u00e0rrega desproporcionada:<\/strong> no aplica.<\/li>\n\n\n\n<li><strong>Contingut fora de l\u2019\u00e0mbit de la legislaci\u00f3 aplicable:<\/strong> existeixen arxius ofim\u00e0tics en PDF o altres formats publicats abans del 20 de setembre de 2018 que no compleixen totalment tots els requisits d\u2019accessibilitat; tamb\u00e9 poden trobar-se en aquesta situaci\u00f3 continguts de tercers no finan\u00e7ats, ni desenvolupats, ni sota el control d\u2019aquest Ministeri.<\/li>\n<\/ol>\n\n\n\n<h3 class=\"wp-block-heading\">Preparaci\u00f3 de la present declaraci\u00f3 d\u2019accessibilitat<\/h3>\n\n\n\n<p>La present declaraci\u00f3 va ser preparada l\u20191 de febrer de 2023.<\/p>\n\n\n\n<p>El m\u00e8tode emprat per preparar la declaraci\u00f3 ha estat una autoavaluaci\u00f3 realitzada pel mateix organisme.<\/p>\n\n\n\n<p>\u00daltima revisi\u00f3 de la declaraci\u00f3: 2 de febrer de 2023.<\/p>\n\n\n\n<h3 class=\"wp-block-heading\">Observacions i dades de contacte<\/h3>\n\n\n\n<p>Podeu realitzar comunicacions sobre requisits d\u2019accessibilitat (article 10.2.a) del RD 1112\/2018), com per exemple:<\/p>\n\n\n\n<ul class=\"wp-block-list\">\n<li>Informar sobre qualsevol possible incompliment per part d\u2019aquest lloc web<\/li>\n\n\n\n<li>Transmetre altres dificultats d\u2019acc\u00e9s al contingut<\/li>\n\n\n\n<li>Formular qualsevol altra consulta o suggeriment de millora relativa a l\u2019accessibilitat del lloc web<\/li>\n<\/ul>\n\n\n\n<p>A trav\u00e9s del correu electr\u00f2nic <strong><a>info@arboriculturaheura.cat<\/a><\/strong> o trucant al tel\u00e8fon <strong>633 67 88 56<\/strong>.<\/p>\n\n\n\n<p>Podeu presentar:<\/p>\n\n\n\n<ul class=\"wp-block-list\">\n<li>Una <strong>Queixa<\/strong> relativa al compliment dels requisits del RD 1112\/2018, o<\/li>\n\n\n\n<li>Una <strong>Sol\u00b7licitud d\u2019informaci\u00f3 accessible<\/strong> relativa a:\n<ul class=\"wp-block-list\">\n<li>Continguts que estan exclosos de l\u2019\u00e0mbit d\u2019aplicaci\u00f3 del RD 1112\/2018 segons el que estableix l\u2019article 3, apartat 4<\/li>\n\n\n\n<li>Continguts que estan exempts del compliment dels requisits d\u2019accessibilitat per imposar una c\u00e0rrega desproporcionada<\/li>\n<\/ul>\n<\/li>\n<\/ul>\n\n\n\n<p>Les comunicacions seran rebudes i tractades per <strong>Arboriculturaheura<\/strong>, com a responsable dels continguts d\u2019aquest lloc web.<\/p>\n\n\n\n<h3 class=\"wp-block-heading\">Procediment d\u2019aplicaci\u00f3<\/h3>\n\n\n\n<p>A trav\u00e9s d\u2019aquest procediment podreu iniciar una reclamaci\u00f3 per con\u00e8ixer i oposar-vos als motius de la desestimaci\u00f3 d\u2019una sol\u00b7licitud d\u2019informaci\u00f3 accessible o queixa, instar l\u2019adopci\u00f3 de les mesures oportunes en cas de no estar d\u2019acord amb la decisi\u00f3 adoptada, o exposar les raons per les quals considereu que la resposta no compleix amb els requisits exigits.<\/p>\n\n\n\n<h3 class=\"wp-block-heading\">Contingut opcional<\/h3>\n\n\n\n<p>La versi\u00f3 actualment visible d\u2019aquest lloc web \u00e9s de gener de 2023, i en aquella data es va fer la revisi\u00f3 del nivell d\u2019accessibilitat vigent en aquell moment.<\/p>\n\n\n\n<p>A partir d\u2019aquella data es duen a terme revisions parcials di\u00e0ries del contingut web nou o modificat, tant de les plantilles com de les p\u00e0gines i documents finals publicats, amb l\u2019objectiu d\u2019assegurar el compliment dels requeriments d\u2019accessibilitat de la norma <strong>UNE-EN 301549:2019<\/strong>, considerant les excepcions del <strong>Reial decret 1112\/2018, de 7 de setembre<\/strong>.<\/p>\n\n\n\n<p>Entre d\u2019altres, s\u2019adopten les mesures seg\u00fcents per facilitar l\u2019accessibilitat:<\/p>\n\n\n\n<ul class=\"wp-block-list\">\n<li>\u00das de text alternatiu a les imatges<\/li>\n\n\n\n<li>Els enlla\u00e7os ofereixen detalls sobre la funci\u00f3 o destinaci\u00f3 de l\u2019hipervincle<\/li>\n\n\n\n<li>\u00das dels est\u00e0ndards del W3C: HTML5, CSS, DOM, SVG.<\/li>\n<\/ul>\n","protected":false},"excerpt":{"rendered":"<p>DECLARACI\u00d3 D\u2019ACCESSIBILITAT La present declaraci\u00f3 d\u2019accessibilitat s\u2019aplica al lloc web https:\/\/www.arboriculturaheura.cat\/ (els subdominis d\u2019aquest lloc web tindran les seves pr\u00f2pies declaracions d\u2019accessibilitat). Situaci\u00f3 de compliment Aquest lloc web \u00e9s parcialment conforme amb el Reial decret 1112\/2018, de 7 de setembre, a causa de la manca de conformitat dels aspectes que s\u2019indiquen a continuaci\u00f3. Contingut no [&hellip;]<\/p>\n","protected":false},"author":1,"featured_media":0,"parent":0,"menu_order":0,"comment_status":"closed","ping_status":"closed","template":"","meta":{"_acf_changed":false,"footnotes":""},"class_list":["post-576","page","type-page","status-publish","hentry"],"acf":[],"_links":{"self":[{"href":"https:\/\/arboriculturaheura.cat\/ca\/wp-json\/wp\/v2\/pages\/576","targetHints":{"allow":["GET"]}}],"collection":[{"href":"https:\/\/arboriculturaheura.cat\/ca\/wp-json\/wp\/v2\/pages"}],"about":[{"href":"https:\/\/arboriculturaheura.cat\/ca\/wp-json\/wp\/v2\/types\/page"}],"author":[{"embeddable":true,"href":"https:\/\/arboriculturaheura.cat\/ca\/wp-json\/wp\/v2\/users\/1"}],"replies":[{"embeddable":true,"href":"https:\/\/arboriculturaheura.cat\/ca\/wp-json\/wp\/v2\/comments?post=576"}],"version-history":[{"count":2,"href":"https:\/\/arboriculturaheura.cat\/ca\/wp-json\/wp\/v2\/pages\/576\/revisions"}],"predecessor-version":[{"id":580,"href":"https:\/\/arboriculturaheura.cat\/ca\/wp-json\/wp\/v2\/pages\/576\/revisions\/580"}],"wp:attachment":[{"href":"https:\/\/arboriculturaheura.cat\/ca\/wp-json\/wp\/v2\/media?parent=576"}],"curies":[{"name":"wp","href":"https:\/\/api.w.org\/{rel}","templated":true}]}}